{"id":7771,"date":"2018-03-12T13:22:01","date_gmt":"2018-03-12T13:22:01","guid":{"rendered":"https:\/\/www.hallco.org\/web\/?page_id=7771"},"modified":"2022-08-12T07:31:40","modified_gmt":"2022-08-12T11:31:40","slug":"esol-educacion-para-migrantes-centro-internacional","status":"publish","type":"page","link":"https:\/\/www.hallco.org\/web\/esol-educacion-para-migrantes-centro-internacional\/","title":{"rendered":"ESOL &#038; Educacion Para Migrantes \/ Centro Internacional"},"content":{"rendered":"\n<style type=\"text\/css\" data-created_by=\"avia_inline_auto\" id=\"style-css-av-295rgr-377ca39ee44d58bbcf91171255cdd247\">\n#top .av-special-heading.av-295rgr-377ca39ee44d58bbcf91171255cdd247{\npadding-bottom:10px;\n}\nbody .av-special-heading.av-295rgr-377ca39ee44d58bbcf91171255cdd247 .av-special-heading-tag .heading-char{\nfont-size:25px;\n}\n.av-special-heading.av-295rgr-377ca39ee44d58bbcf91171255cdd247 .av-subheading{\nfont-size:15px;\n}\n<\/style>\n<div  class='av-special-heading av-295rgr-377ca39ee44d58bbcf91171255cdd247 av-special-heading-h2  avia-builder-el-0  el_before_av_hr  avia-builder-el-first '><h2 class='av-special-heading-tag '  >ESOL <span class='special_amp'>&amp;<\/span> Educacion Para Migrantes \/ Centro Internacional<\/h2><div class=\"special-heading-border\"><div class=\"special-heading-inner-border\"><\/div><\/div><\/div>\n\n<style type=\"text\/css\" data-created_by=\"avia_inline_auto\" id=\"style-css-av-4xirq3-f8d19a7ce76a2bdc9a85b60915caa584\">\n#top .hr.hr-invisible.av-4xirq3-f8d19a7ce76a2bdc9a85b60915caa584{\nheight:50px;\n}\n<\/style>\n<div  class='hr av-4xirq3-f8d19a7ce76a2bdc9a85b60915caa584 hr-invisible  avia-builder-el-1  el_after_av_heading  el_before_av_textblock '><span class='hr-inner '><span class=\"hr-inner-style\"><\/span><\/span><\/div>\n<section  class='av_textblock_section av-2eedl7-205da81337f45afde9a6d02df3c0389e '  ><div class='avia_textblock' ><h2><span style=\"text-decoration: underline; font-size: 12pt;\"><strong><span style=\"font-size: 14pt;\">Titulo III &#8211; Programas De ESOL<\/span><br \/>\n<\/strong><\/span><\/h2>\n<p><span style=\"font-size: 12pt;\">T\u00edtulo III es un programa de fondos federales que provee a las Agencias de Educaci\u00f3n Locales elegibles financiamiento para complementar los servicios para los estudiantes de Ingles.\u00a0 La misi\u00f3n de este programa incluye proporcionar apoyo a los padres y estudiantes internacionales para convertirse en parte integral de la escuela y la comunidad.\u00a0\u00a0<\/span><\/p>\n<p><span style=\"font-size: 12pt;\">El Distrito Escolar del Condado de Hall sirve a m\u00e1s de 4,500 estudiantes principiantes del lenguaje con m\u00e1s de 40 idiomas representados.\u00a0 El distrito provee principalmente ayuda del lenguaje a trav\u00e9s del programa de Ingles para Hablantes de Otra Lengua (ESOL) a estudiantes elegibles.\u00a0<\/span><\/p>\n<p><span style=\"font-size: 12pt;\">La ense\u00f1anza de ESOL se enfoca en el desarrollo y perfeccionamiento de las habilidades de escuchar, hablar, leer y escribir en Ingl\u00e9s para aumentar el \u00e9xito acad\u00e9mico de los estudiantes.\u00a0 Adem\u00e1s, los estudiantes son introducidos a los conceptos culturales americanos mientras son animados a valorar su lengua materna y su cultura.<\/span><\/p>\n<p><span style=\"font-size: 12pt;\"><strong>Servicios de\u00a0Alfabetizaci\u00f3n y Recursos de\u00a0Capacitaci\u00f3n Disponibles para Padres de Estudiantes Identificados en ESOL<\/strong><\/span><\/p>\n<p><span style=\"font-size: 12pt;\">El Centro Internacional organiza servicios de alfabetizaci\u00f3n para padres de estudiantes identificados en ESOL. Estos cursos est\u00e1n dise\u00f1ados para ayudar a los padres a aprender ingl\u00e9s a trav\u00e9s de ingl\u00e9s conversacional, y colaboraci\u00f3n. Una oferta adicional esta disponible para los padres de estudiantes de ESOL en una session general de informaci\u00f3n para padres ofrecida en el Howard E. Ivester Early College. <\/span><\/p>\n<p><span style=\"font-size: 12pt;\">Estas sesiones ayudan a incrementar el conocimiento y habilidades de los padres al apoyar a sus estudiantes. Los temas espec\u00edficos incluyen c\u00f3mo ayudar a sus estudiantes con la tarea, evaluando y navegando en Infinite Campus, varios temas de ESOL del sitio web WIDA, habilidades b\u00e1sicas de navegaci\u00f3n por computadora.<\/span><\/p>\n<p><span style=\"font-size: 12pt;\">Estos servicios se llevan a cabo en los siguientes lugares\/horarios:<\/span><\/p>\n<h2 style=\"text-align: center;\">2019-20 Oportunidades De Participaci\u00f3n Para Padres Y La Familia<\/h2>\n<table>\n<tbody>\n<tr>\n<td><strong><span style=\"font-size: 14pt;\">Ubicaci\u00f3n<\/span><\/strong><\/td>\n<td><span style=\"font-size: 14pt;\"><strong>Days of the Week<\/strong><\/span><\/td>\n<td><span style=\"font-size: 14pt;\"><strong>Contact Hours<\/strong><\/span><\/td>\n<\/tr>\n<tr>\n<td><span style=\"font-size: 12pt;\">Howard E. Ivester Early College<\/span><\/td>\n<td><span style=\"font-size: 12pt;\">Lunes, Martes<\/span><\/td>\n<td><span style=\"font-size: 12pt;\">8:30 &#8211; 12:30<\/span><\/td>\n<\/tr>\n<tr>\n<td><span style=\"font-size: 12pt;\">Martin Elementary<\/span><\/td>\n<td><span style=\"font-size: 12pt;\">Martes, Mi\u00e9rcoles<br \/>\n<\/span><\/td>\n<td><span style=\"font-size: 12pt;\">8:00 &#8211; 11:00<\/span><\/td>\n<\/tr>\n<tr>\n<td><span style=\"font-size: 12pt;\">McEver Elementary<\/span><\/td>\n<td><span style=\"font-size: 12pt;\">Lunes, Mi\u00e9rcoles<\/span><\/td>\n<td><span style=\"font-size: 12pt;\">8:00 &#8211; 11:00<\/span><\/td>\n<\/tr>\n<tr>\n<td><span style=\"font-size: 12pt;\">Tadmore Elementary<\/span><\/td>\n<td><span style=\"font-size: 12pt;\">Lunes, Mi\u00e9rcoles<br \/>\n<\/span><\/td>\n<td><span style=\"font-size: 12pt;\">8:00 &#8211; 11:00<\/span><\/td>\n<\/tr>\n<\/tbody>\n<\/table>\n<p><span style=\"font-size: 12pt;\">Por favor comuniquese con Erika Godina (770) 532-4416 ext. 304 &#8211; <a href=\"mailto:Erika.Godina@hallco.org\">Erika.Godina@hallco.org<\/a>\u00a0para preguntas relacionadas con estos servicios.<\/span><\/p>\n<p><span style=\"font-size: 12pt;\">Academies of Discovery at South Hall<br \/>\n3215 Poplar Springs Rd. Suite A<br \/>\nGainesville, GA 30507<br \/>\n(770)532-4416 ext. 10304<\/span><\/p>\n<p><span style=\"font-size: 12pt;\"><strong>Contacto:<\/strong> Dra. Anna Sargent, Asistente Directora del Programa ESOL\/Titulo III (770) 534-1080 \u2013 <span style=\"text-decoration: underline;\"><a href=\"mailto:Anna.Sargent@hallco.org\">Anna.Sargent@hallco.org<\/a><\/span><\/span><\/p>\n<hr \/>\n<h2><span style=\"text-decoration: underline; font-size: 14pt;\"><strong>Educacion Migrante<br \/>\n<\/strong><\/span><\/h2>\n<p><span style=\"font-size: 12pt;\">El Programa de Educaci\u00f3n para Migrantes (MEP) es un programa apoyado por fondos federales y dise\u00f1ado para ayudar a los ni\u00f1os migrantes entre las edades de 3 a 21 a\u00f1os, con servicios educacionales suplementales.<\/span><\/p>\n<p><span style=\"font-size: 12pt;\">Es un programa dise\u00f1ado para ayudar a reducir la brecha educativa y otros obst\u00e1culos que resultan de las mudanzas repetidas por el estilo de vida migratorio. Para obtener informaci\u00f3n sobre el proceso de elegibilidad, o para mas informaci\u00f3n, por favor comunicarse con Jimena Bridgette.<\/span><\/p>\n<p><span style=\"font-size: 12pt;\"><strong>Contacto:<\/strong> Dra. Asistente Directora del Programa Migrante (770) 534-1080 \u2013 <span style=\"text-decoration: underline;\"><a href=\"mailto:Anna.Sargent@hallco.org\">Anna.Sargent@hallco.org<\/a><\/span><\/span><\/p>\n<p><span style=\"font-size: 12pt;\"><strong>Contacto: <\/strong>Jimena Bridgette, Facilitadora del Programa Migrante \u2013 (770) 534-3939 ext.41 \u2013 <span style=\"text-decoration: underline;\"><a href=\"mailto:Jimena.Bridgette@hallco.org\">Jimena.Bridgette@hallco.org<\/a><\/span><\/span><\/p>\n<hr \/>\n<h2>Academies of Discovery at South Hall<\/h2>\n<p><span style=\"font-size: 12pt;\"><strong>Direccion:<\/strong> 3215 Poplar Springs Rd., Suite A<br \/>\nGainesville, GA 30507<\/span><\/p>\n<p><span style=\"font-size: 12pt;\"><strong>Las Horas de Operaci\u00f3n:<\/strong> 8:00 a 4:00, Lunes \u2013 Viernes.\u00a0<\/span><\/p>\n<p><span style=\"font-size: 12pt;\"><strong>Contacto:<\/strong> Erika Godina (770) 532-4416 ext 10304 &#8211; <a href=\"mailto:Erika.Godina@hallco.org\">Erika.Godina@hallco.org<\/a><\/span><\/p>\n<p><span style=\"font-size: 12pt;\">El Centro Internacional est\u00e1 abierto para registraci\u00f3n de estudiantes internacionales una semana antes de la fecha del comienzo de las clases. Una vez que empiezan las clases, todos los estudiantes se inscriben directamente en sus respectivas escuelas.\u00a0<\/span><\/p>\n<p><span style=\"font-size: 12pt;\">El Centro Internacional continuara brindando asistencia biling\u00fce a las familias internacionales y a las escuelas con respecto a las pol\u00edticas de inscripci\u00f3n y requisitos para estudiantes internacionales durante todo el a\u00f1o.\u00a0 Todas las evaluaciones de dominio del lenguaje Ingles de todos los estudiantes se llevaran a cabo en las escuelas locales.\u00a0\u00a0<\/span><\/p>\n<p><span style=\"font-size: 12pt;\"><strong>Documentos requeridos para la inscripci\u00f3n:<\/strong><\/span><\/p>\n<ol>\n<li><span style=\"font-size: 12pt;\">Prueba de domicilio\u00a0 <\/span>\n<ul>\n<li><span style=\"font-size: 12pt;\">Copia del recibo de la hipoteca, o<\/span><\/li>\n<li><span style=\"font-size: 12pt;\">Copia del contrato actual de arrendamiento firmado por el propietario, o<\/span><\/li>\n<li><span style=\"font-size: 12pt;\">Copia de la factura actual de utilidad\/copia del servicio de conexi\u00f3n con el nombre del tutor y direcci\u00f3n de donde reciben el servicio.<\/span><\/li>\n<li><span style=\"font-size: 12pt;\">Si ninguno de los documentos mencionados en la parte de arriba est\u00e1n en nombre de uno de los padres, un documento notariado de verificaci\u00f3n de residencia se requerir\u00e1 como prueba de residencia.<\/span><\/li>\n<\/ul>\n<\/li>\n<li><span style=\"font-size: 12pt;\">Prueba de identificaci\u00f3n del padre\/tutor: Identificaci\u00f3n que tenga foto, pasaporte, identificaci\u00f3n del trabajo, etc.<\/span><\/li>\n<li><span style=\"font-size: 12pt;\">Certificaci\u00f3n de estudios o \u00faltimo reporte escolar con los grados actuales e informaci\u00f3n de promoci\u00f3n (Grados del 9 \u2013 12 debe tener los registros anteriores antes de registrarse para las clases).<\/span><\/li>\n<li><span style=\"font-size: 12pt;\">Certificado de nacimiento del estudiante o registro de nacimiento emitido por el hospital o registro de nacimiento religioso.<\/span><\/li>\n<li><span style=\"font-size: 12pt;\">El estado requiere el Formulario de Georgia 3231 de Inmunizaci\u00f3n y el certificado 3300 de revisi\u00f3n de la Visi\u00f3n, Audici\u00f3n y Diente (puede ser obtenido a trav\u00e9s del Departamento de salud local o un m\u00e9dico de Georgia).<\/span><\/li>\n<li><span style=\"font-size: 12pt;\">Tarjeta de seguro social o un formulario de renuncia firmada (disponible a su solicitud).<\/span><\/li>\n<\/ol>\n<\/div><\/section>\n","protected":false},"excerpt":{"rendered":"","protected":false},"author":8,"featured_media":0,"parent":0,"menu_order":0,"comment_status":"closed","ping_status":"closed","template":"","meta":{"_monsterinsights_skip_tracking":false,"_monsterinsights_sitenote_active":false,"_monsterinsights_sitenote_note":"","_monsterinsights_sitenote_category":0,"footnotes":""},"class_list":["post-7771","page","type-page","status-publish","hentry"],"yoast_head":"<!-- This site is optimized with the Yoast SEO plugin v27.4 - https:\/\/yoast.com\/product\/yoast-seo-wordpress\/ -->\n<title>ESOL &amp; Educacion Para Migrantes \/ Centro Internacional - Hall County Schools<\/title>\n<meta name=\"robots\" content=\"index, follow, max-snippet:-1, max-image-preview:large, max-video-preview:-1\" \/>\n<link rel=\"canonical\" href=\"https:\/\/www.hallco.org\/web\/esol-educacion-para-migrantes-centro-internacional\/\" \/>\n<meta property=\"og:locale\" content=\"en_US\" \/>\n<meta property=\"og:type\" content=\"article\" \/>\n<meta property=\"og:title\" content=\"ESOL &amp; Educacion Para Migrantes \/ Centro Internacional - Hall County Schools\" \/>\n<meta property=\"og:url\" content=\"https:\/\/www.hallco.org\/web\/esol-educacion-para-migrantes-centro-internacional\/\" \/>\n<meta property=\"og:site_name\" content=\"Hall County Schools\" \/>\n<meta property=\"article:publisher\" content=\"https:\/\/www.facebook.com\/hallcountyschools\/\" \/>\n<meta property=\"article:modified_time\" content=\"2022-08-12T11:31:40+00:00\" \/>\n<meta property=\"og:image\" content=\"https:\/\/www.hallco.org\/web\/wp-content\/uploads\/2020\/03\/1200x630-FB-Ad-Banner.jpg\" \/>\n\t<meta property=\"og:image:width\" content=\"1200\" \/>\n\t<meta property=\"og:image:height\" content=\"630\" \/>\n\t<meta property=\"og:image:type\" content=\"image\/jpeg\" \/>\n<meta name=\"twitter:card\" content=\"summary_large_image\" \/>\n<meta name=\"twitter:site\" content=\"@Hall_Schools\" \/>\n<meta name=\"twitter:label1\" content=\"Est. reading time\" \/>\n\t<meta name=\"twitter:data1\" content=\"4 minutes\" \/>\n<script type=\"application\/ld+json\" class=\"yoast-schema-graph\">{\"@context\":\"https:\\\/\\\/schema.org\",\"@graph\":[{\"@type\":\"WebPage\",\"@id\":\"https:\\\/\\\/www.hallco.org\\\/web\\\/esol-educacion-para-migrantes-centro-internacional\\\/\",\"url\":\"https:\\\/\\\/www.hallco.org\\\/web\\\/esol-educacion-para-migrantes-centro-internacional\\\/\",\"name\":\"ESOL & Educacion Para Migrantes \\\/ Centro Internacional - Hall County Schools\",\"isPartOf\":{\"@id\":\"https:\\\/\\\/www.hallco.org\\\/web\\\/#website\"},\"datePublished\":\"2018-03-12T13:22:01+00:00\",\"dateModified\":\"2022-08-12T11:31:40+00:00\",\"breadcrumb\":{\"@id\":\"https:\\\/\\\/www.hallco.org\\\/web\\\/esol-educacion-para-migrantes-centro-internacional\\\/#breadcrumb\"},\"inLanguage\":\"en-US\",\"potentialAction\":[{\"@type\":\"ReadAction\",\"target\":[\"https:\\\/\\\/www.hallco.org\\\/web\\\/esol-educacion-para-migrantes-centro-internacional\\\/\"]}]},{\"@type\":\"BreadcrumbList\",\"@id\":\"https:\\\/\\\/www.hallco.org\\\/web\\\/esol-educacion-para-migrantes-centro-internacional\\\/#breadcrumb\",\"itemListElement\":[{\"@type\":\"ListItem\",\"position\":1,\"name\":\"Home\",\"item\":\"https:\\\/\\\/www.hallco.org\\\/web\\\/homepage\\\/\"},{\"@type\":\"ListItem\",\"position\":2,\"name\":\"ESOL &#038; Educacion Para Migrantes \\\/ Centro Internacional\"}]},{\"@type\":\"WebSite\",\"@id\":\"https:\\\/\\\/www.hallco.org\\\/web\\\/#website\",\"url\":\"https:\\\/\\\/www.hallco.org\\\/web\\\/\",\"name\":\"Hall County Schools\",\"description\":\"The Most Caring Place On Earth\",\"potentialAction\":[{\"@type\":\"SearchAction\",\"target\":{\"@type\":\"EntryPoint\",\"urlTemplate\":\"https:\\\/\\\/www.hallco.org\\\/web\\\/?s={search_term_string}\"},\"query-input\":{\"@type\":\"PropertyValueSpecification\",\"valueRequired\":true,\"valueName\":\"search_term_string\"}}],\"inLanguage\":\"en-US\"}]}<\/script>\n<!-- \/ Yoast SEO plugin. -->","yoast_head_json":{"title":"ESOL & Educacion Para Migrantes \/ Centro Internacional - Hall County Schools","robots":{"index":"index","follow":"follow","max-snippet":"max-snippet:-1","max-image-preview":"max-image-preview:large","max-video-preview":"max-video-preview:-1"},"canonical":"https:\/\/www.hallco.org\/web\/esol-educacion-para-migrantes-centro-internacional\/","og_locale":"en_US","og_type":"article","og_title":"ESOL & Educacion Para Migrantes \/ Centro Internacional - Hall County Schools","og_url":"https:\/\/www.hallco.org\/web\/esol-educacion-para-migrantes-centro-internacional\/","og_site_name":"Hall County Schools","article_publisher":"https:\/\/www.facebook.com\/hallcountyschools\/","article_modified_time":"2022-08-12T11:31:40+00:00","og_image":[{"width":1200,"height":630,"url":"https:\/\/www.hallco.org\/web\/wp-content\/uploads\/2020\/03\/1200x630-FB-Ad-Banner.jpg","type":"image\/jpeg"}],"twitter_card":"summary_large_image","twitter_site":"@Hall_Schools","twitter_misc":{"Est. reading time":"4 minutes"},"schema":{"@context":"https:\/\/schema.org","@graph":[{"@type":"WebPage","@id":"https:\/\/www.hallco.org\/web\/esol-educacion-para-migrantes-centro-internacional\/","url":"https:\/\/www.hallco.org\/web\/esol-educacion-para-migrantes-centro-internacional\/","name":"ESOL & Educacion Para Migrantes \/ Centro Internacional - Hall County Schools","isPartOf":{"@id":"https:\/\/www.hallco.org\/web\/#website"},"datePublished":"2018-03-12T13:22:01+00:00","dateModified":"2022-08-12T11:31:40+00:00","breadcrumb":{"@id":"https:\/\/www.hallco.org\/web\/esol-educacion-para-migrantes-centro-internacional\/#breadcrumb"},"inLanguage":"en-US","potentialAction":[{"@type":"ReadAction","target":["https:\/\/www.hallco.org\/web\/esol-educacion-para-migrantes-centro-internacional\/"]}]},{"@type":"BreadcrumbList","@id":"https:\/\/www.hallco.org\/web\/esol-educacion-para-migrantes-centro-internacional\/#breadcrumb","itemListElement":[{"@type":"ListItem","position":1,"name":"Home","item":"https:\/\/www.hallco.org\/web\/homepage\/"},{"@type":"ListItem","position":2,"name":"ESOL &#038; Educacion Para Migrantes \/ Centro Internacional"}]},{"@type":"WebSite","@id":"https:\/\/www.hallco.org\/web\/#website","url":"https:\/\/www.hallco.org\/web\/","name":"Hall County Schools","description":"The Most Caring Place On Earth","potentialAction":[{"@type":"SearchAction","target":{"@type":"EntryPoint","urlTemplate":"https:\/\/www.hallco.org\/web\/?s={search_term_string}"},"query-input":{"@type":"PropertyValueSpecification","valueRequired":true,"valueName":"search_term_string"}}],"inLanguage":"en-US"}]}},"_links":{"self":[{"href":"https:\/\/www.hallco.org\/web\/wp-json\/wp\/v2\/pages\/7771","targetHints":{"allow":["GET"]}}],"collection":[{"href":"https:\/\/www.hallco.org\/web\/wp-json\/wp\/v2\/pages"}],"about":[{"href":"https:\/\/www.hallco.org\/web\/wp-json\/wp\/v2\/types\/page"}],"author":[{"embeddable":true,"href":"https:\/\/www.hallco.org\/web\/wp-json\/wp\/v2\/users\/8"}],"replies":[{"embeddable":true,"href":"https:\/\/www.hallco.org\/web\/wp-json\/wp\/v2\/comments?post=7771"}],"version-history":[{"count":0,"href":"https:\/\/www.hallco.org\/web\/wp-json\/wp\/v2\/pages\/7771\/revisions"}],"wp:attachment":[{"href":"https:\/\/www.hallco.org\/web\/wp-json\/wp\/v2\/media?parent=7771"}],"curies":[{"name":"wp","href":"https:\/\/api.w.org\/{rel}","templated":true}]}}