{"id":34489,"date":"2025-06-20T11:07:30","date_gmt":"2025-06-20T15:07:30","guid":{"rendered":"https:\/\/www.hallco.org\/web\/?page_id=34489"},"modified":"2025-07-18T14:10:26","modified_gmt":"2025-07-18T18:10:26","slug":"acerca-de-los-dsgs","status":"publish","type":"page","link":"https:\/\/www.hallco.org\/web\/acerca-de-los-dsgs\/","title":{"rendered":"Acerca De Los DSGs"},"content":{"rendered":"<div id='full_slider_1'  class='avia-fullwidth-slider main_color avia-shadow   avia-builder-el-0  el_before_av_submenu  avia-builder-el-first   container_wrap sidebar_left'  >\n<style type=\"text\/css\" data-created_by=\"avia_inline_auto\" id=\"style-css-av-md94w54j-ae4b4b0aed91ccffdc6d345bf70719bf\">\n#top #wrap_all .avia-slideshow .av-slideshow-caption.av-md94w54j-ae4b4b0aed91ccffdc6d345bf70719bf__0 .avia-caption-title{\nfont-size:40px;\n}\n#top .avia-slideshow .av-slideshow-caption.av-md94w54j-ae4b4b0aed91ccffdc6d345bf70719bf__0 .avia-caption-content{\nfont-size:30px;\n}\n#top .avia-slideshow .av-slideshow-caption.av-md94w54j-ae4b4b0aed91ccffdc6d345bf70719bf__0 .avia-caption-content p{\nfont-size:30px;\n}\n<\/style>\n<div  class='avia-slideshow av-md94w54j-ae4b4b0aed91ccffdc6d345bf70719bf avia-slideshow-featured av_slideshow_full avia-slide-slider av-slideshow-ui av-control-default av-slideshow-manual av-loop-once av-loop-manual-endless av-default-height-applied   avia-slideshow-1' data-slideshow-options=\"{&quot;animation&quot;:&quot;slide&quot;,&quot;autoplay&quot;:false,&quot;loop_autoplay&quot;:&quot;once&quot;,&quot;interval&quot;:5,&quot;loop_manual&quot;:&quot;manual-endless&quot;,&quot;autoplay_stopper&quot;:false,&quot;noNavigation&quot;:false,&quot;bg_slider&quot;:false,&quot;keep_padding&quot;:false,&quot;hoverpause&quot;:false,&quot;show_slide_delay&quot;:0}\" ><ul class='avia-slideshow-inner ' style='padding-bottom: 29.861111111111%;'><li  class='avia-slideshow-slide av-md94w54j-ae4b4b0aed91ccffdc6d345bf70719bf__0  av-single-slide slide-1 slide-odd'><div data-rel='slideshow-1' class='avia-slide-wrap '   ><img decoding=\"async\" fetchpriority=\"high\" class=\"wp-image-35014 avia-img-lazy-loading-not-35014 lazyload\" src=\"data:image\/gif;base64,R0lGODlhAQABAAAAACH5BAEKAAEALAAAAAABAAEAAAICTAEAOw==\" width=\"1440\" height=\"430\" title=\"spanish header\" alt=\"\" data-src=\"https:\/\/www.hallco.org\/web\/wp-content\/uploads\/2025\/07\/spanish-header-1440x430.jpg\"><\/div><\/li><\/ul><\/div><\/div>\n<div class='clear'><\/div><div id='sub_menu1'  class='av-submenu-container av-mc4z4ks6-60a6f93c9a3dfa2ff67f3346d66a11f0 main_color  avia-builder-el-1  el_after_av_slideshow_full  el_before_av_textblock  av-sticky-submenu submenu-not-first container_wrap sidebar_left' style='z-index:301' ><div class='container av-menu-mobile-disabled av-submenu-pos-center'><ul id=\"menu-dialectical-skills-groups-spanish\" class=\"av-subnav-menu\" role=\"menu\"><li role=\"menuitem\" id=\"menu-item-34512\" class=\"menu-item menu-item-type-post_type menu-item-object-page menu-item-top-level menu-item-top-level-1\"><a href=\"https:\/\/www.hallco.org\/web\/dsg\/\" tabindex=\"0\"><span class=\"avia-bullet\"><\/span><span class=\"avia-menu-text\">DSGs Inicio<\/span><span class=\"avia-menu-fx\"><span class=\"avia-arrow-wrap\"><span class=\"avia-arrow\"><\/span><\/span><\/span><\/a><\/li>\n<li role=\"menuitem\" id=\"menu-item-34511\" class=\"menu-item menu-item-type-post_type menu-item-object-page menu-item-top-level menu-item-top-level-2\"><a href=\"https:\/\/www.hallco.org\/web\/acerca-de-los-dsgs\/\" tabindex=\"0\"><span class=\"avia-bullet\"><\/span><span class=\"avia-menu-text\">Acerca De Los DSGs<\/span><span class=\"avia-menu-fx\"><span class=\"avia-arrow-wrap\"><span class=\"avia-arrow\"><\/span><\/span><\/span><\/a><\/li>\n<li role=\"menuitem\" id=\"menu-item-35010\" class=\"menu-item menu-item-type-post_type menu-item-object-page menu-item-top-level menu-item-top-level-3\"><a href=\"https:\/\/www.hallco.org\/web\/videos-de-atencion-plena\/\" tabindex=\"0\"><span class=\"avia-bullet\"><\/span><span class=\"avia-menu-text\">Videos de Atenci\u00f3n Plena<\/span><span class=\"avia-menu-fx\"><span class=\"avia-arrow-wrap\"><span class=\"avia-arrow\"><\/span><\/span><\/span><\/a><\/li>\n<li role=\"menuitem\" id=\"menu-item-35026\" class=\"menu-item menu-item-type-post_type menu-item-object-page menu-item-top-level menu-item-top-level-4\"><a href=\"https:\/\/www.hallco.org\/web\/formulario-de-interes-para-estudiantes\/\" tabindex=\"0\"><span class=\"avia-bullet\"><\/span><span class=\"avia-menu-text\">Formulario de Inter\u00e9s para Estudiantes<\/span><span class=\"avia-menu-fx\"><span class=\"avia-arrow-wrap\"><span class=\"avia-arrow\"><\/span><\/span><\/span><\/a><\/li>\n<\/ul><\/div><\/div><div class='sticky_placeholder'><\/div><div id='after_submenu_1'  class='main_color av_default_container_wrap container_wrap sidebar_left'  ><div class='container av-section-cont-open' ><div class='template-page content  av-content-small units'><div class='post-entry post-entry-type-page post-entry-34489'><div class='entry-content-wrapper clearfix'>\n<section  class='av_textblock_section av-mc4xorzv-c1eda52401d324f7bfd77dd09b35b4c5 '  ><div class='avia_textblock' >\n\t\t<div class=\"wppdfemb-frame-container-1\" style=\"-webkit-overflow-scrolling:auto;\">\n\t\t\t<iframe class=\"pdfembed-iframe nonfullscreen wppdf-emb-iframe-1 lazyload\" src=\"about:blank\" title=\"DSG Explanation Flyer, Spanish\" data-pdf-id=\"34491\" data-pdf-index=\"1\" style=\"border:none;width:100%;max-width:100%;height:100vh;\" scrolling=\"yes\" data-src=\"https:\/\/www.hallco.org\/web\/?pdfemb-data=eyJ1cmwiOiJodHRwczpcL1wvd3d3LmhhbGxjby5vcmdcL3dlYlwvd3AtY29udGVudFwvdXBsb2Fkc1wvMjAyNVwvMDZcL0RTRy1FeHBsYW5hdGlvbi1GbHllci1TcGFuaXNoLnBkZiIsInRpdGxlIjoiRFNHIEV4cGxhbmF0aW9uIEZseWVyLCBTcGFuaXNoIiwiaW5kZXgiOjEsInBkZklEIjozNDQ5MX0\">\n\t\t\t<\/iframe>\n\t\t<\/div>\n\n\t\t\n<\/div><\/section>\n<\/div><\/div><\/div><!-- close content main div --><\/div><\/div><div id='av-layout-grid-1'  class='av-layout-grid-container av-jsbw9-43a2d88d69d6038ba79c64e88fe083a7 entry-content-wrapper main_color av-border-top-bottom av-border-cells av-flex-cells  avia-builder-el-3  el_after_av_textblock  avia-builder-el-last  grid-row-not-first  container_wrap sidebar_left'  >\n\n<style type=\"text\/css\" data-created_by=\"avia_inline_auto\" id=\"style-css-av-18kqdeh-8fea8122e9057d42ed352e8e94dbeac5\">\n.flex_cell.av-18kqdeh-8fea8122e9057d42ed352e8e94dbeac5{\nvertical-align:middle;\nheight:2px;\nmin-height:2px;\n}\n<\/style>\n<div class='flex_cell av-18kqdeh-8fea8122e9057d42ed352e8e94dbeac5 av-gridrow-cell av_one_half no_margin  avia-builder-el-4  el_before_av_cell_one_half  avia-builder-el-first  content-align-middle'  ><div class='flex_cell_inner'><section  class='av_textblock_section av-mc4xygnf-86903fcf9320ac5346d37b42327e68ab '  ><div class='avia_textblock' ><p style=\"text-align: center;\"><strong><span style=\"color: #000000; --darkreader-inline-color: var(--darkreader-text-000000, #e8e6e3);\" data-darkreader-inline-color=\"\">Haz clic abajo<\/span><\/strong> para ver un breve video de introducci\u00f3n dise\u00f1ado para estudiantes que quieren saber de qu\u00e9 se tratan los Grupos de Habilidades Dial\u00e9cticas (DSGs).<\/p>\n<\/div><\/section><br \/>\n<div  class='avia-video av-mc4xx8ci-deb6f2b5bead3b90402d41524ecba0c8 avia-video-16-9 av-no-preview-image avia-video-load-always av-lazyload-immediate av-lazyload-video-embed'  data-original_url='https:\/\/youtu.be\/8ZKdD85hK1I'><script type='text\/html' class='av-video-tmpl'><div class='avia-iframe-wrap'><iframe loading=\"lazy\" title=\"Grupos de Habilidades Diale\u0301cticas GHDs    Un Video de introduccio\u0301n, breve\" width=\"1500\" height=\"844\" src=\"about:blank\" frameborder=\"0\" allow=\"accelerometer; autoplay; clipboard-write; encrypted-media; gyroscope; picture-in-picture; web-share\" referrerpolicy=\"strict-origin-when-cross-origin\" allowfullscreen=\"\" class=\"lazyload\" data-src=\"https:\/\/www.youtube.com\/embed\/8ZKdD85hK1I?feature=oembed&amp;autoplay=0&amp;loop=0&amp;controls=1&amp;mute=0\"><\/iframe><\/div><\/script><div class='av-click-to-play-overlay'><div class=\"avia_playpause_icon\"><\/div><\/div><\/div><\/p>\n<\/div><\/div>\n<style type=\"text\/css\" data-created_by=\"avia_inline_auto\" id=\"style-css-av-j2wj89-8722e19eeb32880fb2a1153fa3be3503\">\n.flex_cell.av-j2wj89-8722e19eeb32880fb2a1153fa3be3503{\nvertical-align:middle;\nheight:2px;\nmin-height:2px;\n}\n<\/style>\n<div class='flex_cell av-j2wj89-8722e19eeb32880fb2a1153fa3be3503 av-gridrow-cell av_one_half no_margin  avia-builder-el-7  el_after_av_cell_one_half  avia-builder-el-last  content-align-middle'  ><div class='flex_cell_inner'><section  class='av_textblock_section av-mc4xzlze-96ec326ec66e6b0f3611ead47907cd7e '  ><div class='avia_textblock' ><p style=\"text-align: center;\"><strong><span style=\"color: #000000; --darkreader-inline-color: var(--darkreader-text-000000, #e8e6e3);\" data-darkreader-inline-color=\"\">Haz clic abajo<\/span><\/strong> para ver una explicaci\u00f3n detallada en video dirigida a padres, cuidadores, personal escolar o cualquier persona interesada en los aspectos espec\u00edficos de los Grupos de Habilidades Dial\u00e9cticas.<\/p>\n<\/div><\/section><br \/>\n<div  class='avia-video av-mc4y1mss-383bdcef6a0f187be36717587d40cac6 avia-video-16-9 av-no-preview-image avia-video-load-always av-lazyload-immediate av-lazyload-video-embed'  data-original_url='https:\/\/youtu.be\/BFYUIXvT40s'><script type='text\/html' class='av-video-tmpl'><div class='avia-iframe-wrap'><iframe loading=\"lazy\" title=\"Grupos de Habilidades Diale\u0301cticas GHDs, Video de longitud total\" width=\"1500\" height=\"844\" src=\"about:blank\" frameborder=\"0\" allow=\"accelerometer; autoplay; clipboard-write; encrypted-media; gyroscope; picture-in-picture; web-share\" referrerpolicy=\"strict-origin-when-cross-origin\" allowfullscreen=\"\" class=\"lazyload\" data-src=\"https:\/\/www.youtube.com\/embed\/BFYUIXvT40s?feature=oembed&amp;autoplay=0&amp;loop=0&amp;controls=1&amp;mute=0\"><\/iframe><\/div><\/script><div class='av-click-to-play-overlay'><div class=\"avia_playpause_icon\"><\/div><\/div><\/div><\/p>\n<\/div><\/div>\n<\/div>\n","protected":false},"excerpt":{"rendered":"","protected":false},"author":10,"featured_media":0,"parent":0,"menu_order":0,"comment_status":"closed","ping_status":"closed","template":"","meta":{"_monsterinsights_skip_tracking":false,"_monsterinsights_sitenote_active":false,"_monsterinsights_sitenote_note":"","_monsterinsights_sitenote_category":0,"footnotes":""},"class_list":["post-34489","page","type-page","status-publish","hentry"],"yoast_head":"<!-- This site is optimized with the Yoast SEO plugin v27.4 - https:\/\/yoast.com\/product\/yoast-seo-wordpress\/ -->\n<title>Acerca De Los DSGs - Hall County Schools<\/title>\n<meta name=\"robots\" content=\"index, follow, max-snippet:-1, max-image-preview:large, max-video-preview:-1\" \/>\n<link rel=\"canonical\" href=\"https:\/\/www.hallco.org\/web\/acerca-de-los-dsgs\/\" \/>\n<meta property=\"og:locale\" content=\"en_US\" \/>\n<meta property=\"og:type\" content=\"article\" \/>\n<meta property=\"og:title\" content=\"Acerca De Los DSGs - Hall County Schools\" \/>\n<meta property=\"og:url\" content=\"https:\/\/www.hallco.org\/web\/acerca-de-los-dsgs\/\" \/>\n<meta property=\"og:site_name\" content=\"Hall County Schools\" \/>\n<meta property=\"article:publisher\" content=\"https:\/\/www.facebook.com\/hallcountyschools\/\" \/>\n<meta property=\"article:modified_time\" content=\"2025-07-18T18:10:26+00:00\" \/>\n<meta property=\"og:image\" content=\"https:\/\/www.hallco.org\/web\/wp-content\/uploads\/2020\/03\/1200x630-FB-Ad-Banner.jpg\" \/>\n\t<meta property=\"og:image:width\" content=\"1200\" \/>\n\t<meta property=\"og:image:height\" content=\"630\" \/>\n\t<meta property=\"og:image:type\" content=\"image\/jpeg\" \/>\n<meta name=\"twitter:card\" content=\"summary_large_image\" \/>\n<meta name=\"twitter:site\" content=\"@Hall_Schools\" \/>\n<meta name=\"twitter:label1\" content=\"Est. reading time\" \/>\n\t<meta name=\"twitter:data1\" content=\"1 minute\" \/>\n<script type=\"application\/ld+json\" class=\"yoast-schema-graph\">{\"@context\":\"https:\\\/\\\/schema.org\",\"@graph\":[{\"@type\":\"WebPage\",\"@id\":\"https:\\\/\\\/www.hallco.org\\\/web\\\/acerca-de-los-dsgs\\\/\",\"url\":\"https:\\\/\\\/www.hallco.org\\\/web\\\/acerca-de-los-dsgs\\\/\",\"name\":\"Acerca De Los DSGs - Hall County Schools\",\"isPartOf\":{\"@id\":\"https:\\\/\\\/www.hallco.org\\\/web\\\/#website\"},\"datePublished\":\"2025-06-20T15:07:30+00:00\",\"dateModified\":\"2025-07-18T18:10:26+00:00\",\"breadcrumb\":{\"@id\":\"https:\\\/\\\/www.hallco.org\\\/web\\\/acerca-de-los-dsgs\\\/#breadcrumb\"},\"inLanguage\":\"en-US\",\"potentialAction\":[{\"@type\":\"ReadAction\",\"target\":[\"https:\\\/\\\/www.hallco.org\\\/web\\\/acerca-de-los-dsgs\\\/\"]}]},{\"@type\":\"BreadcrumbList\",\"@id\":\"https:\\\/\\\/www.hallco.org\\\/web\\\/acerca-de-los-dsgs\\\/#breadcrumb\",\"itemListElement\":[{\"@type\":\"ListItem\",\"position\":1,\"name\":\"Home\",\"item\":\"https:\\\/\\\/www.hallco.org\\\/web\\\/homepage\\\/\"},{\"@type\":\"ListItem\",\"position\":2,\"name\":\"Acerca De Los DSGs\"}]},{\"@type\":\"WebSite\",\"@id\":\"https:\\\/\\\/www.hallco.org\\\/web\\\/#website\",\"url\":\"https:\\\/\\\/www.hallco.org\\\/web\\\/\",\"name\":\"Hall County Schools\",\"description\":\"The Most Caring Place On Earth\",\"potentialAction\":[{\"@type\":\"SearchAction\",\"target\":{\"@type\":\"EntryPoint\",\"urlTemplate\":\"https:\\\/\\\/www.hallco.org\\\/web\\\/?s={search_term_string}\"},\"query-input\":{\"@type\":\"PropertyValueSpecification\",\"valueRequired\":true,\"valueName\":\"search_term_string\"}}],\"inLanguage\":\"en-US\"}]}<\/script>\n<!-- \/ Yoast SEO plugin. -->","yoast_head_json":{"title":"Acerca De Los DSGs - Hall County Schools","robots":{"index":"index","follow":"follow","max-snippet":"max-snippet:-1","max-image-preview":"max-image-preview:large","max-video-preview":"max-video-preview:-1"},"canonical":"https:\/\/www.hallco.org\/web\/acerca-de-los-dsgs\/","og_locale":"en_US","og_type":"article","og_title":"Acerca De Los DSGs - Hall County Schools","og_url":"https:\/\/www.hallco.org\/web\/acerca-de-los-dsgs\/","og_site_name":"Hall County Schools","article_publisher":"https:\/\/www.facebook.com\/hallcountyschools\/","article_modified_time":"2025-07-18T18:10:26+00:00","og_image":[{"width":1200,"height":630,"url":"https:\/\/www.hallco.org\/web\/wp-content\/uploads\/2020\/03\/1200x630-FB-Ad-Banner.jpg","type":"image\/jpeg"}],"twitter_card":"summary_large_image","twitter_site":"@Hall_Schools","twitter_misc":{"Est. reading time":"1 minute"},"schema":{"@context":"https:\/\/schema.org","@graph":[{"@type":"WebPage","@id":"https:\/\/www.hallco.org\/web\/acerca-de-los-dsgs\/","url":"https:\/\/www.hallco.org\/web\/acerca-de-los-dsgs\/","name":"Acerca De Los DSGs - Hall County Schools","isPartOf":{"@id":"https:\/\/www.hallco.org\/web\/#website"},"datePublished":"2025-06-20T15:07:30+00:00","dateModified":"2025-07-18T18:10:26+00:00","breadcrumb":{"@id":"https:\/\/www.hallco.org\/web\/acerca-de-los-dsgs\/#breadcrumb"},"inLanguage":"en-US","potentialAction":[{"@type":"ReadAction","target":["https:\/\/www.hallco.org\/web\/acerca-de-los-dsgs\/"]}]},{"@type":"BreadcrumbList","@id":"https:\/\/www.hallco.org\/web\/acerca-de-los-dsgs\/#breadcrumb","itemListElement":[{"@type":"ListItem","position":1,"name":"Home","item":"https:\/\/www.hallco.org\/web\/homepage\/"},{"@type":"ListItem","position":2,"name":"Acerca De Los DSGs"}]},{"@type":"WebSite","@id":"https:\/\/www.hallco.org\/web\/#website","url":"https:\/\/www.hallco.org\/web\/","name":"Hall County Schools","description":"The Most Caring Place On Earth","potentialAction":[{"@type":"SearchAction","target":{"@type":"EntryPoint","urlTemplate":"https:\/\/www.hallco.org\/web\/?s={search_term_string}"},"query-input":{"@type":"PropertyValueSpecification","valueRequired":true,"valueName":"search_term_string"}}],"inLanguage":"en-US"}]}},"_links":{"self":[{"href":"https:\/\/www.hallco.org\/web\/wp-json\/wp\/v2\/pages\/34489","targetHints":{"allow":["GET"]}}],"collection":[{"href":"https:\/\/www.hallco.org\/web\/wp-json\/wp\/v2\/pages"}],"about":[{"href":"https:\/\/www.hallco.org\/web\/wp-json\/wp\/v2\/types\/page"}],"author":[{"embeddable":true,"href":"https:\/\/www.hallco.org\/web\/wp-json\/wp\/v2\/users\/10"}],"replies":[{"embeddable":true,"href":"https:\/\/www.hallco.org\/web\/wp-json\/wp\/v2\/comments?post=34489"}],"version-history":[{"count":6,"href":"https:\/\/www.hallco.org\/web\/wp-json\/wp\/v2\/pages\/34489\/revisions"}],"predecessor-version":[{"id":35017,"href":"https:\/\/www.hallco.org\/web\/wp-json\/wp\/v2\/pages\/34489\/revisions\/35017"}],"wp:attachment":[{"href":"https:\/\/www.hallco.org\/web\/wp-json\/wp\/v2\/media?parent=34489"}],"curies":[{"name":"wp","href":"https:\/\/api.w.org\/{rel}","templated":true}]}}