{"id":32107,"date":"2024-07-23T10:25:48","date_gmt":"2024-07-23T14:25:48","guid":{"rendered":"https:\/\/www.hallco.org\/web\/?page_id=32107"},"modified":"2024-07-23T10:31:20","modified_gmt":"2024-07-23T14:31:20","slug":"universal-reading-screener","status":"publish","type":"page","link":"https:\/\/www.hallco.org\/web\/universal-reading-screener\/","title":{"rendered":"Universal Reading Screener"},"content":{"rendered":"<div id='full_slider_1'  class='avia-fullwidth-slider main_color avia-shadow   avia-builder-el-0  el_before_av_heading  avia-builder-el-first   container_wrap sidebar_left'  ><div  class='avia-slideshow av-lyyidtej-eaa948b149449b6e962eb252dc212416 avia-slideshow-featured av_slideshow_full avia-fade-slider av-slideshow-ui av-control-default av-slideshow-manual av-loop-once av-loop-manual-endless av-default-height-applied   avia-slideshow-1' data-slideshow-options=\"{&quot;animation&quot;:&quot;fade&quot;,&quot;autoplay&quot;:false,&quot;loop_autoplay&quot;:&quot;once&quot;,&quot;interval&quot;:5,&quot;loop_manual&quot;:&quot;manual-endless&quot;,&quot;autoplay_stopper&quot;:false,&quot;noNavigation&quot;:false,&quot;bg_slider&quot;:false,&quot;keep_padding&quot;:false,&quot;hoverpause&quot;:false,&quot;show_slide_delay&quot;:0}\" ><ul class='avia-slideshow-inner ' style='padding-bottom: 12.820512820513%;'><li  class='avia-slideshow-slide av-lyyidtej-eaa948b149449b6e962eb252dc212416__0  av-single-slide slide-1 slide-odd'><div data-rel='slideshow-1' class='avia-slide-wrap '   ><div class='av-slideshow-caption av-lyyidtej-eaa948b149449b6e962eb252dc212416__0 caption_fullwidth caption_right caption_right_framed caption_framed'><div class=\"container caption_container\"><div class=\"slideshow_caption\"><div class=\"slideshow_inner_caption\"><div class=\"slideshow_align_caption\"><h2 class='avia-caption-title ' >Universal Reading Screener<\/h2><\/div><\/div><\/div><\/div><\/div><img decoding=\"async\" fetchpriority=\"high\" class=\"wp-image-6798 avia-img-lazy-loading-not-6798 lazyload\" src=\"data:image\/gif;base64,R0lGODlhAQABAAAAACH5BAEKAAEALAAAAAABAAEAAAICTAEAOw==\" width=\"1170\" height=\"150\" title=\"CentralOffice_Header\" alt=\"Central Office\" sizes=\"(max-width: 1170px) 100vw, 1170px\" data-src=\"https:\/\/www.hallco.org\/web\/wp-content\/uploads\/2018\/01\/CentralOffice_Header.jpg\" data-srcset=\"https:\/\/www.hallco.org\/web\/wp-content\/uploads\/2018\/01\/CentralOffice_Header.jpg 1170w, https:\/\/www.hallco.org\/web\/wp-content\/uploads\/2018\/01\/CentralOffice_Header-300x38.jpg 300w, https:\/\/www.hallco.org\/web\/wp-content\/uploads\/2018\/01\/CentralOffice_Header-768x98.jpg 768w, https:\/\/www.hallco.org\/web\/wp-content\/uploads\/2018\/01\/CentralOffice_Header-1030x132.jpg 1030w, https:\/\/www.hallco.org\/web\/wp-content\/uploads\/2018\/01\/CentralOffice_Header-800x103.jpg 800w, https:\/\/www.hallco.org\/web\/wp-content\/uploads\/2018\/01\/CentralOffice_Header-705x90.jpg 705w, https:\/\/www.hallco.org\/web\/wp-content\/uploads\/2018\/01\/CentralOffice_Header-450x58.jpg 450w\"><div class='av-section-color-overlay' style='opacity: 0.3; background-color: #0a0a0a; '><\/div><\/div><\/li><\/ul><\/div><\/div><div id='after_full_slider_1'  class='main_color av_default_container_wrap container_wrap sidebar_left'  ><div class='container av-section-cont-open' ><div class='template-page content  av-content-small units'><div class='post-entry post-entry-type-page post-entry-32107'><div class='entry-content-wrapper clearfix'>\n\n<style type=\"text\/css\" data-created_by=\"avia_inline_auto\" id=\"style-css-av-lyyidx0d-bc90a05635707bd79178cf7b28582822\">\n#top .av-special-heading.av-lyyidx0d-bc90a05635707bd79178cf7b28582822{\npadding-bottom:10px;\n}\nbody .av-special-heading.av-lyyidx0d-bc90a05635707bd79178cf7b28582822 .av-special-heading-tag .heading-char{\nfont-size:25px;\n}\n.av-special-heading.av-lyyidx0d-bc90a05635707bd79178cf7b28582822 .av-subheading{\nfont-size:15px;\n}\n<\/style>\n<div  class='av-special-heading av-lyyidx0d-bc90a05635707bd79178cf7b28582822 av-special-heading-h2  avia-builder-el-1  el_after_av_slideshow_full  el_before_av_textblock  avia-builder-el-first '><h2 class='av-special-heading-tag '  >Universal Reading Screener<\/h2><div class=\"special-heading-border\"><div class=\"special-heading-inner-border\"><\/div><\/div><\/div>\n<section  class='av_textblock_section av-lyyie5ix-f78bdc87f0645a45558deba9f39a2f5e '  ><div class='avia_textblock' ><p><strong>English<\/strong><br \/>\nThis year all students in kindergarten through third grade in the Hall County School District will be given MAP Reading Fluency three times a year as a universal reading screener in accordance with The Georgia Early Literacy Act (HB 538). MAP Reading Fluency is a Qualified Dyslexia Screening Tool and was approved by the SBOE (State Board Of Education) in May of 2023. Parents will be provided a copy of their student\u2019s report.<\/p>\n<hr \/>\n<p><strong>Spanish<\/strong><br \/>\nEste a\u00f1o, todos los estudiantes desde K\u00ednder a tercer grado en el Distrito Escolar del Condado de Hall recibir\u00e1n la Evaluaci\u00f3n de Fluidez de Lectura MAP (MAP Reading Fluency) tres veces al a\u00f1o como evaluaci\u00f3n universal de lectura de acuerdo a la Ley de Alfabetizaci\u00f3n Temprana de Georgia (HB 538). La Evaluaci\u00f3n de Fluidez de Lectura MAP (MAP Reading Fluency) es una Herramienta Calificada de Detecci\u00f3n de Dislexia y fue aprobada por SBOE (Junta Estatal de Educaci\u00f3n) en mayo de 2023. Los padres recibir\u00e1n una copia del informe de su estudiante.<\/p>\n<\/div><\/section>\n","protected":false},"excerpt":{"rendered":"","protected":false},"author":9,"featured_media":0,"parent":0,"menu_order":0,"comment_status":"closed","ping_status":"closed","template":"","meta":{"_monsterinsights_skip_tracking":false,"_monsterinsights_sitenote_active":false,"_monsterinsights_sitenote_note":"","_monsterinsights_sitenote_category":0,"footnotes":""},"class_list":["post-32107","page","type-page","status-publish","hentry"],"yoast_head":"<!-- This site is optimized with the Yoast SEO plugin v27.4 - https:\/\/yoast.com\/product\/yoast-seo-wordpress\/ -->\n<title>Universal Reading Screener - Hall County Schools<\/title>\n<meta name=\"robots\" content=\"index, follow, max-snippet:-1, max-image-preview:large, max-video-preview:-1\" \/>\n<link rel=\"canonical\" href=\"https:\/\/www.hallco.org\/web\/universal-reading-screener\/\" \/>\n<meta property=\"og:locale\" content=\"en_US\" \/>\n<meta property=\"og:type\" content=\"article\" \/>\n<meta property=\"og:title\" content=\"Universal Reading Screener - Hall County Schools\" \/>\n<meta property=\"og:url\" content=\"https:\/\/www.hallco.org\/web\/universal-reading-screener\/\" \/>\n<meta property=\"og:site_name\" content=\"Hall County Schools\" \/>\n<meta property=\"article:publisher\" content=\"https:\/\/www.facebook.com\/hallcountyschools\/\" \/>\n<meta property=\"article:modified_time\" content=\"2024-07-23T14:31:20+00:00\" \/>\n<meta property=\"og:image\" content=\"https:\/\/www.hallco.org\/web\/wp-content\/uploads\/2020\/03\/1200x630-FB-Ad-Banner.jpg\" \/>\n\t<meta property=\"og:image:width\" content=\"1200\" \/>\n\t<meta property=\"og:image:height\" content=\"630\" \/>\n\t<meta property=\"og:image:type\" content=\"image\/jpeg\" \/>\n<meta name=\"twitter:card\" content=\"summary_large_image\" \/>\n<meta name=\"twitter:site\" content=\"@Hall_Schools\" \/>\n<meta name=\"twitter:label1\" content=\"Est. reading time\" \/>\n\t<meta name=\"twitter:data1\" content=\"1 minute\" \/>\n<script type=\"application\/ld+json\" class=\"yoast-schema-graph\">{\"@context\":\"https:\\\/\\\/schema.org\",\"@graph\":[{\"@type\":\"WebPage\",\"@id\":\"https:\\\/\\\/www.hallco.org\\\/web\\\/universal-reading-screener\\\/\",\"url\":\"https:\\\/\\\/www.hallco.org\\\/web\\\/universal-reading-screener\\\/\",\"name\":\"Universal Reading Screener - Hall County Schools\",\"isPartOf\":{\"@id\":\"https:\\\/\\\/www.hallco.org\\\/web\\\/#website\"},\"datePublished\":\"2024-07-23T14:25:48+00:00\",\"dateModified\":\"2024-07-23T14:31:20+00:00\",\"breadcrumb\":{\"@id\":\"https:\\\/\\\/www.hallco.org\\\/web\\\/universal-reading-screener\\\/#breadcrumb\"},\"inLanguage\":\"en-US\",\"potentialAction\":[{\"@type\":\"ReadAction\",\"target\":[\"https:\\\/\\\/www.hallco.org\\\/web\\\/universal-reading-screener\\\/\"]}]},{\"@type\":\"BreadcrumbList\",\"@id\":\"https:\\\/\\\/www.hallco.org\\\/web\\\/universal-reading-screener\\\/#breadcrumb\",\"itemListElement\":[{\"@type\":\"ListItem\",\"position\":1,\"name\":\"Home\",\"item\":\"https:\\\/\\\/www.hallco.org\\\/web\\\/homepage\\\/\"},{\"@type\":\"ListItem\",\"position\":2,\"name\":\"Universal Reading Screener\"}]},{\"@type\":\"WebSite\",\"@id\":\"https:\\\/\\\/www.hallco.org\\\/web\\\/#website\",\"url\":\"https:\\\/\\\/www.hallco.org\\\/web\\\/\",\"name\":\"Hall County Schools\",\"description\":\"The Most Caring Place On Earth\",\"potentialAction\":[{\"@type\":\"SearchAction\",\"target\":{\"@type\":\"EntryPoint\",\"urlTemplate\":\"https:\\\/\\\/www.hallco.org\\\/web\\\/?s={search_term_string}\"},\"query-input\":{\"@type\":\"PropertyValueSpecification\",\"valueRequired\":true,\"valueName\":\"search_term_string\"}}],\"inLanguage\":\"en-US\"}]}<\/script>\n<!-- \/ Yoast SEO plugin. -->","yoast_head_json":{"title":"Universal Reading Screener - Hall County Schools","robots":{"index":"index","follow":"follow","max-snippet":"max-snippet:-1","max-image-preview":"max-image-preview:large","max-video-preview":"max-video-preview:-1"},"canonical":"https:\/\/www.hallco.org\/web\/universal-reading-screener\/","og_locale":"en_US","og_type":"article","og_title":"Universal Reading Screener - Hall County Schools","og_url":"https:\/\/www.hallco.org\/web\/universal-reading-screener\/","og_site_name":"Hall County Schools","article_publisher":"https:\/\/www.facebook.com\/hallcountyschools\/","article_modified_time":"2024-07-23T14:31:20+00:00","og_image":[{"width":1200,"height":630,"url":"https:\/\/www.hallco.org\/web\/wp-content\/uploads\/2020\/03\/1200x630-FB-Ad-Banner.jpg","type":"image\/jpeg"}],"twitter_card":"summary_large_image","twitter_site":"@Hall_Schools","twitter_misc":{"Est. reading time":"1 minute"},"schema":{"@context":"https:\/\/schema.org","@graph":[{"@type":"WebPage","@id":"https:\/\/www.hallco.org\/web\/universal-reading-screener\/","url":"https:\/\/www.hallco.org\/web\/universal-reading-screener\/","name":"Universal Reading Screener - Hall County Schools","isPartOf":{"@id":"https:\/\/www.hallco.org\/web\/#website"},"datePublished":"2024-07-23T14:25:48+00:00","dateModified":"2024-07-23T14:31:20+00:00","breadcrumb":{"@id":"https:\/\/www.hallco.org\/web\/universal-reading-screener\/#breadcrumb"},"inLanguage":"en-US","potentialAction":[{"@type":"ReadAction","target":["https:\/\/www.hallco.org\/web\/universal-reading-screener\/"]}]},{"@type":"BreadcrumbList","@id":"https:\/\/www.hallco.org\/web\/universal-reading-screener\/#breadcrumb","itemListElement":[{"@type":"ListItem","position":1,"name":"Home","item":"https:\/\/www.hallco.org\/web\/homepage\/"},{"@type":"ListItem","position":2,"name":"Universal Reading Screener"}]},{"@type":"WebSite","@id":"https:\/\/www.hallco.org\/web\/#website","url":"https:\/\/www.hallco.org\/web\/","name":"Hall County Schools","description":"The Most Caring Place On Earth","potentialAction":[{"@type":"SearchAction","target":{"@type":"EntryPoint","urlTemplate":"https:\/\/www.hallco.org\/web\/?s={search_term_string}"},"query-input":{"@type":"PropertyValueSpecification","valueRequired":true,"valueName":"search_term_string"}}],"inLanguage":"en-US"}]}},"_links":{"self":[{"href":"https:\/\/www.hallco.org\/web\/wp-json\/wp\/v2\/pages\/32107","targetHints":{"allow":["GET"]}}],"collection":[{"href":"https:\/\/www.hallco.org\/web\/wp-json\/wp\/v2\/pages"}],"about":[{"href":"https:\/\/www.hallco.org\/web\/wp-json\/wp\/v2\/types\/page"}],"author":[{"embeddable":true,"href":"https:\/\/www.hallco.org\/web\/wp-json\/wp\/v2\/users\/9"}],"replies":[{"embeddable":true,"href":"https:\/\/www.hallco.org\/web\/wp-json\/wp\/v2\/comments?post=32107"}],"version-history":[{"count":4,"href":"https:\/\/www.hallco.org\/web\/wp-json\/wp\/v2\/pages\/32107\/revisions"}],"predecessor-version":[{"id":32110,"href":"https:\/\/www.hallco.org\/web\/wp-json\/wp\/v2\/pages\/32107\/revisions\/32110"}],"wp:attachment":[{"href":"https:\/\/www.hallco.org\/web\/wp-json\/wp\/v2\/media?parent=32107"}],"curies":[{"name":"wp","href":"https:\/\/api.w.org\/{rel}","templated":true}]}}